{"id":90,"date":"2026-01-12T18:33:56","date_gmt":"2026-01-12T18:33:56","guid":{"rendered":"https:\/\/augrimoiredomelia.fr\/?post_type=product&#038;p=90"},"modified":"2026-01-14T17:23:12","modified_gmt":"2026-01-14T17:23:12","slug":"coffret-arraignee","status":"publish","type":"product","link":"https:\/\/augrimoiredomelia.fr\/index.php\/produit\/coffret-arraignee\/","title":{"rendered":"coffret arraign\u00e9e"},"content":{"rendered":"<div class=\"mb-3\">\n<p><img loading=\"lazy\" decoding=\"async\" class=\"alignnone size-medium wp-image-91\" src=\"https:\/\/augrimoiredomelia.fr\/wp-content\/uploads\/2026\/01\/grandeboite2-300x257.jpg\" alt=\"\" width=\"300\" height=\"257\" srcset=\"https:\/\/augrimoiredomelia.fr\/wp-content\/uploads\/2026\/01\/grandeboite2-300x257.jpg 300w, https:\/\/augrimoiredomelia.fr\/wp-content\/uploads\/2026\/01\/grandeboite2-scaled-600x515.jpg 600w, https:\/\/augrimoiredomelia.fr\/wp-content\/uploads\/2026\/01\/grandeboite2-1024x879.jpg 1024w, https:\/\/augrimoiredomelia.fr\/wp-content\/uploads\/2026\/01\/grandeboite2-768x659.jpg 768w, https:\/\/augrimoiredomelia.fr\/wp-content\/uploads\/2026\/01\/grandeboite2-1536x1318.jpg 1536w, https:\/\/augrimoiredomelia.fr\/wp-content\/uploads\/2026\/01\/grandeboite2-2048x1757.jpg 2048w\" sizes=\"auto, (max-width: 300px) 100vw, 300px\" \/><\/p>\n<p>Coffret bois d\u00e9cor\u00e9 \u00e0 la main. Peinture, vernis.<\/p>\n<p>Pieds et fermoir m\u00e9tallique.<\/p>\n<p>Dimensions env 20 x 20 cms<\/p>\n<p>Hauteur :pieds compris env 23 cms<\/p>\n<p>Fond int\u00e9rieur en simili cuir<\/p>\n<\/div>\n","protected":false},"excerpt":{"rendered":"<p>Coffret bois d\u00e9cor\u00e9 \u00e0 la main. Peinture, vernis. Pieds et fermoir m\u00e9tallique. Dimensions env 20 x 20 cms Hauteur :pieds compris env 23 cms Fond int\u00e9rieur en simili cuir<\/p>\n","protected":false},"featured_media":91,"comment_status":"open","ping_status":"closed","template":"","meta":{"_kad_post_transparent":"default","_kad_post_title":"","_kad_post_layout":"default","_kad_post_sidebar_id":"","_kad_post_content_style":"default","_kad_post_vertical_padding":"default","_kad_post_feature":"","_kad_post_feature_position":"","_kad_post_header":false,"_kad_post_footer":false,"_kad_post_classname":""},"product_brand":[],"product_cat":[21,18],"product_tag":[],"class_list":{"0":"post-90","1":"product","2":"type-product","3":"status-publish","4":"has-post-thumbnail","6":"product_cat-boites-contenants","7":"product_cat-creations-mystiques","9":"first","10":"instock","11":"shipping-taxable","12":"purchasable","13":"product-type-simple","14":"entry","15":"content-bg","16":"loop-entry"},"_links":{"self":[{"href":"https:\/\/augrimoiredomelia.fr\/index.php\/wp-json\/wp\/v2\/product\/90","targetHints":{"allow":["GET"]}}],"collection":[{"href":"https:\/\/augrimoiredomelia.fr\/index.php\/wp-json\/wp\/v2\/product"}],"about":[{"href":"https:\/\/augrimoiredomelia.fr\/index.php\/wp-json\/wp\/v2\/types\/product"}],"replies":[{"embeddable":true,"href":"https:\/\/augrimoiredomelia.fr\/index.php\/wp-json\/wp\/v2\/comments?post=90"}],"wp:featuredmedia":[{"embeddable":true,"href":"https:\/\/augrimoiredomelia.fr\/index.php\/wp-json\/wp\/v2\/media\/91"}],"wp:attachment":[{"href":"https:\/\/augrimoiredomelia.fr\/index.php\/wp-json\/wp\/v2\/media?parent=90"}],"wp:term":[{"taxonomy":"product_brand","embeddable":true,"href":"https:\/\/augrimoiredomelia.fr\/index.php\/wp-json\/wp\/v2\/product_brand?post=90"},{"taxonomy":"product_cat","embeddable":true,"href":"https:\/\/augrimoiredomelia.fr\/index.php\/wp-json\/wp\/v2\/product_cat?post=90"},{"taxonomy":"product_tag","embeddable":true,"href":"https:\/\/augrimoiredomelia.fr\/index.php\/wp-json\/wp\/v2\/product_tag?post=90"}],"curies":[{"name":"wp","href":"https:\/\/api.w.org\/{rel}","templated":true}]}}